{"id":1491,"date":"2023-01-23T10:38:43","date_gmt":"2023-01-23T09:38:43","guid":{"rendered":"https:\/\/kyberplay.wpcomstaging.com\/politique-de-cookies\/"},"modified":"2023-03-13T10:13:43","modified_gmt":"2023-03-13T09:13:43","slug":"politique-de-cookies","status":"publish","type":"page","link":"https:\/\/kyberplay.com\/fr\/politique-de-cookies\/","title":{"rendered":"Politique de cookies"},"content":{"rendered":"\t\t<div data-elementor-type=\"wp-page\" data-elementor-id=\"1491\" class=\"elementor elementor-1491 elementor-1434\" data-elementor-post-type=\"page\">\n\t\t\t\t\t\t<section class=\"elementor-section elementor-top-section elementor-element elementor-element-cec8f9d elementor-section-boxed elementor-section-height-default elementor-section-height-default\" data-id=\"cec8f9d\" data-element_type=\"section\" data-e-type=\"section\" data-settings=\"{&quot;jet_parallax_layout_list&quot;:[]}\">\n\t\t\t\t\t\t<div class=\"elementor-container elementor-column-gap-default\">\n\t\t\t\t\t<div class=\"elementor-column elementor-col-100 elementor-top-column elementor-element elementor-element-46b24e9\" data-id=\"46b24e9\" data-element_type=\"column\" data-e-type=\"column\">\n\t\t\t<div class=\"elementor-widget-wrap elementor-element-populated\">\n\t\t\t\t\t\t<div class=\"elementor-element elementor-element-29a4e3e elementor-widget elementor-widget-text-editor\" data-id=\"29a4e3e\" data-element_type=\"widget\" data-e-type=\"widget\" data-widget_type=\"text-editor.default\">\n\t\t\t\t<div class=\"elementor-widget-container\">\n\t\t\t\t\t\t\t\t\t<p><strong>&nbsp;<\/strong><\/p>\r\n<h1><strong>Pol\u00edtica de Cookies<\/strong><\/h1>\r\n<p><strong>&nbsp;<\/strong><\/p>\r\n<p><strong>Concepto de Cookies<\/strong><\/p>\r\n<p>Las cookies constituyen una herramienta empleada por los servidores Web para almacenar y recuperar informaci\u00f3n acerca de sus visitantes o usuarios. No es m\u00e1s que un fichero de texto que algunos servidores instalan durante la navegaci\u00f3n y que permiten conocer informaci\u00f3n como por ejemplo: el lugar desde el que accede, el tiempo de conexi\u00f3n, el dispositivo desde el que accede (fijo o m\u00f3vil), el sistema operativo y navegador utilizados, las p\u00e1ginas m\u00e1s visitadas, el n\u00famero de clicks realizados y de datos respecto al comportamiento del usuario en Internet. No proporcionan referencias que permitan deducir el nombre y apellidos del usuario y no pueden leer datos de su disco duro ni incluir virus en sus equipos. Asimismo, no puede leer las cookies implantadas en el disco duro del usuario desde otros servidores.<\/p>\r\n<p><strong>\u00bfPor qu\u00e9 son importantes?<\/strong><br><strong>&nbsp;<\/strong><br>El sitio web es accesible sin necesidad de que las cookies est\u00e9n activadas, si bien, su desactivaci\u00f3n puede impedir su funcionamiento correcto.<\/p>\r\n<p>Desde un punto de vista t\u00e9cnico las cookies permiten que los sitios web funcionen de forma m\u00e1s \u00e1gil y adaptada a las preferencias de los usuarios, como por ejemplo almacenar el idioma, la moneda del pa\u00eds o detectar el dispositivo de acceso.<\/p>\r\n<p>Establecen niveles de protecci\u00f3n y seguridad que Impiden o dificultan ciberataques contra el sitio web o sus usuarios.<\/p>\r\n<p>Permiten que los gestores de los medios puedan conocer datos estad\u00edsticos recopilados para mejorar la calidad y experiencia de sus servicios.<\/p>\r\n<p>Sirven para optimizar la publicidad que mostramos a los usuarios, ofreciendo la que m\u00e1s se ajusta a sus intereses.<\/p>\r\n<p><strong>Autorizaci\u00f3n para el uso de cookies<\/strong><\/p>\r\n<p>En el sitio web aparece un <strong>Aviso de Cookies<\/strong> que el usuario o visitante puede aceptar, consintiendo expresamente al uso de las cookies seg\u00fan se indica a continuaci\u00f3n.<\/p>\r\n<p>El usuario puede configurar su navegador para rechazar por defecto todas las cookies o para recibir un aviso en pantalla de la recepci\u00f3n de cada cookie y decidir sobre su instalaci\u00f3n o no en su disco duro.<\/p>\r\n<p><strong>Configuraci\u00f3n del navegador<\/strong><\/p>\r\n<p>KYBERPLAY SLU recuerda a sus usuarios que el uso de cookies podr\u00e1 estar sujeto a su aceptaci\u00f3n durante la instalaci\u00f3n o actualizaci\u00f3n del navegador utilizado por \u00e9stos.<\/p>\r\n<p>Esta aceptaci\u00f3n podr\u00e1 ser revocada mediante las opciones de configuraci\u00f3n de contenidos y privacidad disponibles en el mismo. El Titular recomienda a sus usuarios que consulten la ayuda de su navegador o acceda a las p\u00e1ginas web de ayuda de los principales navegadores: Firefox, Internet Explorer, Safari, Chrome.<\/p>\r\n<p>Si desea m\u00e1s informaci\u00f3n acerca de c\u00f3mo revocar el consentimiento prestado o sobre el procedimiento para deshabilitar las cookies, as\u00ed como realizar alguna pregunta sobre la Pol\u00edtica de Cookies, puede contactar con el titular a trav\u00e9s de la siguiente direcci\u00f3n de correo electr\u00f3nico contacto@kyberplay.com indicando \u201cPol\u00edtica de Cookies\u201d en el asunto.<br><strong>&nbsp;<\/strong><br><strong>Tipos de Cookies que se utilizan en la Web<\/strong><\/p>\r\n<p>El usuario que navega por la Web puede encontrar cookies insertadas directamente por el titular, o bien cookies insertadas por entidades distintas al titular, seg\u00fan lo detallado en los siguientes apartados:<\/p>\r\n<ul>\r\n<li><strong>Cookies de sesi\u00f3n<\/strong>, expiran cuando el usuario abandona la p\u00e1gina o cierra el navegador, es decir, est\u00e1n activas mientras dura la visita al sitio web y por tanto son borradas de nuestro ordenador al abandonarlo.<\/li>\r\n<li><strong>Cookies permanentes<\/strong>, expiran cuando se cumple el objetivo para el que sirven o bien cuando se borran manualmente, tienen fecha de borrado y se utilizan normalmente en proceso de compra online, personalizaciones o en el registro, para no tener que introducir una contrase\u00f1a constantemente.<\/li>\r\n<\/ul>\r\n<p>Seg\u00fan la entidad que gestiona el equipo o dominio desde donde se env\u00edan las cookies y trata los datos que se obtengan, podemos distinguir entre Cookies propias y de terceros.<\/p>\r\n<ul>\r\n<li><strong>Cookies propias<\/strong> son aquellas cookies que son enviadas al ordenador del usuario y son gestionadas exclusivamente por nosotros para el mejor funcionamiento del Sitio Web. La informaci\u00f3n que recabamos se emplea para mejorar la calidad de nuestro servicio y tu experiencia como usuario.<\/li>\r\n<li><strong>Cookies de terceros, <\/strong>cuando el usuario interact\u00faa con el contenido de nuestro sitio Web tambi\u00e9n pueden establecerse cookies de terceros (por ejemplo, al pulsar botones de redes sociales o visionar v\u00eddeos alojados en otro sitio web), que son aquellas establecidas por un dominio diferente de nuestro Sitio Web. No podemos acceder a los datos almacenados en las cookies de otros sitios web cuando navegues en los citados sitios web.<\/li>\r\n<\/ul><div><br><\/div>\t\t\t\t\t\t\t\t<\/div>\n\t\t\t\t<\/div>\n\t\t\t\t\t<\/div>\n\t\t<\/div>\n\t\t\t\t\t<\/div>\n\t\t<\/section>\n\t\t\t\t<\/div>\n\t\t","protected":false},"excerpt":{"rendered":"<p>&nbsp; Pol\u00edtica de Cookies &nbsp; Concepto de Cookies Las cookies constituyen una herramienta empleada por los servidores Web para almacenar y recuperar informaci\u00f3n acerca de sus visitantes o usuarios. No es m\u00e1s que un fichero de texto que algunos servidores instalan durante la navegaci\u00f3n y que permiten conocer informaci\u00f3n como por ejemplo: el lugar desde [&hellip;]<\/p>\n","protected":false},"author":3,"featured_media":0,"parent":0,"menu_order":0,"comment_status":"closed","ping_status":"closed","template":"","meta":{"inline_featured_image":false,"footnotes":""},"class_list":["post-1491","page","type-page","status-publish","hentry"],"yoast_head":"<!-- This site is optimized with the Yoast SEO plugin v27.3 - https:\/\/yoast.com\/product\/yoast-seo-wordpress\/ -->\n<title>Politique de cookies - Kyberplay<\/title>\n<meta name=\"robots\" content=\"noindex, nofollow\" \/>\n<meta property=\"og:locale\" content=\"fr_FR\" \/>\n<meta property=\"og:type\" content=\"article\" \/>\n<meta property=\"og:title\" content=\"Politique de cookies - Kyberplay\" \/>\n<meta property=\"og:description\" content=\"&nbsp; Pol\u00edtica de Cookies &nbsp; Concepto de Cookies Las cookies constituyen una herramienta empleada por los servidores Web para almacenar y recuperar informaci\u00f3n acerca de sus visitantes o usuarios. No es m\u00e1s que un fichero de texto que algunos servidores instalan durante la navegaci\u00f3n y que permiten conocer informaci\u00f3n como por ejemplo: el lugar desde [&hellip;]\" \/>\n<meta property=\"og:url\" content=\"https:\/\/kyberplay.com\/politica-de-cookies\/\" \/>\n<meta property=\"og:site_name\" content=\"Kyberplay\" \/>\n<meta property=\"article:modified_time\" content=\"2023-03-13T09:13:43+00:00\" \/>\n<meta name=\"twitter:card\" content=\"summary_large_image\" \/>\n<meta name=\"twitter:site\" content=\"@kyberplay\" \/>\n<script type=\"application\/ld+json\" class=\"yoast-schema-graph\">{\"@context\":\"https:\\\/\\\/schema.org\",\"@graph\":[{\"@type\":\"WebPage\",\"@id\":\"https:\\\/\\\/kyberplay.com\\\/politica-de-cookies\\\/\",\"url\":\"https:\\\/\\\/kyberplay.com\\\/politica-de-cookies\\\/\",\"name\":\"Politique de cookies - Kyberplay\",\"isPartOf\":{\"@id\":\"https:\\\/\\\/kyberplay.com\\\/#website\"},\"datePublished\":\"2023-01-23T09:38:43+00:00\",\"dateModified\":\"2023-03-13T09:13:43+00:00\",\"breadcrumb\":{\"@id\":\"https:\\\/\\\/kyberplay.com\\\/politica-de-cookies\\\/#breadcrumb\"},\"inLanguage\":\"fr-FR\",\"potentialAction\":[{\"@type\":\"ReadAction\",\"target\":[\"https:\\\/\\\/kyberplay.com\\\/politica-de-cookies\\\/\"]}]},{\"@type\":\"BreadcrumbList\",\"@id\":\"https:\\\/\\\/kyberplay.com\\\/politica-de-cookies\\\/#breadcrumb\",\"itemListElement\":[{\"@type\":\"ListItem\",\"position\":1,\"name\":\"Portada\",\"item\":\"https:\\\/\\\/kyberplay.com\\\/fr\\\/\"},{\"@type\":\"ListItem\",\"position\":2,\"name\":\"Politique de cookies\"}]},{\"@type\":\"WebSite\",\"@id\":\"https:\\\/\\\/kyberplay.com\\\/#website\",\"url\":\"https:\\\/\\\/kyberplay.com\\\/\",\"name\":\"Kyberplay\",\"description\":\"La agencia de marketing digital 360 del futuro\",\"publisher\":{\"@id\":\"https:\\\/\\\/kyberplay.com\\\/#organization\"},\"potentialAction\":[{\"@type\":\"SearchAction\",\"target\":{\"@type\":\"EntryPoint\",\"urlTemplate\":\"https:\\\/\\\/kyberplay.com\\\/?s={search_term_string}\"},\"query-input\":{\"@type\":\"PropertyValueSpecification\",\"valueRequired\":true,\"valueName\":\"search_term_string\"}}],\"inLanguage\":\"fr-FR\"},{\"@type\":\"Organization\",\"@id\":\"https:\\\/\\\/kyberplay.com\\\/#organization\",\"name\":\"Kyberplay\",\"url\":\"https:\\\/\\\/kyberplay.com\\\/\",\"logo\":{\"@type\":\"ImageObject\",\"inLanguage\":\"fr-FR\",\"@id\":\"https:\\\/\\\/kyberplay.com\\\/#\\\/schema\\\/logo\\\/image\\\/\",\"url\":\"https:\\\/\\\/kyberplay.wpcomstaging.com\\\/wp-content\\\/uploads\\\/2023\\\/01\\\/kyberplay-imagen-1000.jpg\",\"contentUrl\":\"https:\\\/\\\/kyberplay.wpcomstaging.com\\\/wp-content\\\/uploads\\\/2023\\\/01\\\/kyberplay-imagen-1000.jpg\",\"width\":1000,\"height\":563,\"caption\":\"Kyberplay\"},\"image\":{\"@id\":\"https:\\\/\\\/kyberplay.com\\\/#\\\/schema\\\/logo\\\/image\\\/\"},\"sameAs\":[\"https:\\\/\\\/x.com\\\/kyberplay\",\"https:\\\/\\\/www.instagram.com\\\/kyberplayagency\"]}]}<\/script>\n<!-- \/ Yoast SEO plugin. -->","yoast_head_json":{"title":"Politique de cookies - Kyberplay","robots":{"index":"noindex","follow":"nofollow"},"og_locale":"fr_FR","og_type":"article","og_title":"Politique de cookies - Kyberplay","og_description":"&nbsp; Pol\u00edtica de Cookies &nbsp; Concepto de Cookies Las cookies constituyen una herramienta empleada por los servidores Web para almacenar y recuperar informaci\u00f3n acerca de sus visitantes o usuarios. No es m\u00e1s que un fichero de texto que algunos servidores instalan durante la navegaci\u00f3n y que permiten conocer informaci\u00f3n como por ejemplo: el lugar desde [&hellip;]","og_url":"https:\/\/kyberplay.com\/politica-de-cookies\/","og_site_name":"Kyberplay","article_modified_time":"2023-03-13T09:13:43+00:00","twitter_card":"summary_large_image","twitter_site":"@kyberplay","schema":{"@context":"https:\/\/schema.org","@graph":[{"@type":"WebPage","@id":"https:\/\/kyberplay.com\/politica-de-cookies\/","url":"https:\/\/kyberplay.com\/politica-de-cookies\/","name":"Politique de cookies - Kyberplay","isPartOf":{"@id":"https:\/\/kyberplay.com\/#website"},"datePublished":"2023-01-23T09:38:43+00:00","dateModified":"2023-03-13T09:13:43+00:00","breadcrumb":{"@id":"https:\/\/kyberplay.com\/politica-de-cookies\/#breadcrumb"},"inLanguage":"fr-FR","potentialAction":[{"@type":"ReadAction","target":["https:\/\/kyberplay.com\/politica-de-cookies\/"]}]},{"@type":"BreadcrumbList","@id":"https:\/\/kyberplay.com\/politica-de-cookies\/#breadcrumb","itemListElement":[{"@type":"ListItem","position":1,"name":"Portada","item":"https:\/\/kyberplay.com\/fr\/"},{"@type":"ListItem","position":2,"name":"Politique de cookies"}]},{"@type":"WebSite","@id":"https:\/\/kyberplay.com\/#website","url":"https:\/\/kyberplay.com\/","name":"Kyberplay","description":"La agencia de marketing digital 360 del futuro","publisher":{"@id":"https:\/\/kyberplay.com\/#organization"},"potentialAction":[{"@type":"SearchAction","target":{"@type":"EntryPoint","urlTemplate":"https:\/\/kyberplay.com\/?s={search_term_string}"},"query-input":{"@type":"PropertyValueSpecification","valueRequired":true,"valueName":"search_term_string"}}],"inLanguage":"fr-FR"},{"@type":"Organization","@id":"https:\/\/kyberplay.com\/#organization","name":"Kyberplay","url":"https:\/\/kyberplay.com\/","logo":{"@type":"ImageObject","inLanguage":"fr-FR","@id":"https:\/\/kyberplay.com\/#\/schema\/logo\/image\/","url":"https:\/\/kyberplay.wpcomstaging.com\/wp-content\/uploads\/2023\/01\/kyberplay-imagen-1000.jpg","contentUrl":"https:\/\/kyberplay.wpcomstaging.com\/wp-content\/uploads\/2023\/01\/kyberplay-imagen-1000.jpg","width":1000,"height":563,"caption":"Kyberplay"},"image":{"@id":"https:\/\/kyberplay.com\/#\/schema\/logo\/image\/"},"sameAs":["https:\/\/x.com\/kyberplay","https:\/\/www.instagram.com\/kyberplayagency"]}]}},"jetpack_sharing_enabled":true,"_links":{"self":[{"href":"https:\/\/kyberplay.com\/fr\/wp-json\/wp\/v2\/pages\/1491","targetHints":{"allow":["GET"]}}],"collection":[{"href":"https:\/\/kyberplay.com\/fr\/wp-json\/wp\/v2\/pages"}],"about":[{"href":"https:\/\/kyberplay.com\/fr\/wp-json\/wp\/v2\/types\/page"}],"author":[{"embeddable":true,"href":"https:\/\/kyberplay.com\/fr\/wp-json\/wp\/v2\/users\/3"}],"replies":[{"embeddable":true,"href":"https:\/\/kyberplay.com\/fr\/wp-json\/wp\/v2\/comments?post=1491"}],"version-history":[{"count":2,"href":"https:\/\/kyberplay.com\/fr\/wp-json\/wp\/v2\/pages\/1491\/revisions"}],"predecessor-version":[{"id":1545,"href":"https:\/\/kyberplay.com\/fr\/wp-json\/wp\/v2\/pages\/1491\/revisions\/1545"}],"wp:attachment":[{"href":"https:\/\/kyberplay.com\/fr\/wp-json\/wp\/v2\/media?parent=1491"}],"curies":[{"name":"wp","href":"https:\/\/api.w.org\/{rel}","templated":true}]}}